{"id":208,"date":"2019-01-08T17:39:19","date_gmt":"2019-01-08T16:39:19","guid":{"rendered":"http:\/\/galeria-solo.com\/es\/about\/"},"modified":"2024-12-10T11:56:57","modified_gmt":"2024-12-10T10:56:57","slug":"about","status":"publish","type":"page","link":"https:\/\/albarran-bourdais.com\/es\/about\/","title":{"rendered":"Galer\u00eda"},"content":{"rendered":"<div class=\"page\" title=\"Page 2\">\n<div class=\"layoutArea\">\n<div class=\"column\"><\/div>\n<\/div>\n<\/div>\n<div class=\"page\" title=\"Page 2\">\n<div class=\"layoutArea\">\n<div class=\"column\">\n<p class=\"p1\">Albarr\u00e1n Bourdais es una galer\u00eda de arte que representa a una veintena de artistas contempor\u00e1neos de renombre y que organiza ambiciosas exposiciones en sus sedes de Madrid y Menorca, as\u00ed como con el recorrido al aire libre Solo Sculpture Trail. Con el objetivo de proporcionar a los artistas las mejores oportunidades para experimentar y presentar su trabajo, la galer\u00eda promueve exposiciones inmersivas y programas culturales que van m\u00e1s all\u00e1 de los confines tradicionales del cubo blanco.<\/p>\n<\/div>\n<p>&nbsp;<\/p>\n<div class=\"column\">\n<p class=\"p1\">Albarr\u00e1n Bourdais fue fundada por Eva Albarr\u00e1n y Christian Bourdais en Madrid en 2018, como una continuaci\u00f3n natural de sus dos d\u00e9cadas de trabajo con figuras clave en los campos del arte y la arquitectura a trav\u00e9s de la agencia de producci\u00f3n de arte Eva Albarr\u00e1n &amp; Co, especializada en ingenier\u00eda cultural y arte p\u00fablico, y el proyecto de desarrollo arquitect\u00f3nico Solo Houses.<\/p>\n<\/div>\n<p>&nbsp;<\/p>\n<div class=\"column\">\n<p class=\"p1\">Desde su primera exposici\u00f3n, una presentaci\u00f3n colectiva de artistas como Bertrand Lavier, Christian Boltanski, Carlos Amorales y Dominique Gonz\u00e1lez-Foerster, la galer\u00eda ha seguido trabajando con artistas afincados en su mayor\u00eda en Francia, Espa\u00f1a y pa\u00edses latinoamericanos. Como reflejo de la trayectoria de sus fundadores, el programa de la galer\u00eda pretende reforzar los v\u00ednculos entre estas regiones.<\/p>\n<\/div>\n<p>&nbsp;<\/p>\n<div class=\"column\">\n<p class=\"p1\">La sede de Albarr\u00e1n Bourdais se encuentra en un taller hist\u00f3rico de dos plantas en el centro de Madrid y su galer\u00eda en Menorca, en una casa se\u00f1orial situada frente al teatro de la \u00f3pera de Mah\u00f3n. Adem\u00e1s de sus dos sedes permanentes, Solo Sculpture Trail presenta instalaciones al aire libre y nuevos encargos de artistas como H\u00e9ctor Zamora, Claudia Comte y Pedro Cabrita Reis, en di\u00e1logo con el paisaje monumental de Solo Houses en Matarra\u00f1a.<\/p>\n<p>&nbsp;<\/p>\n<p class=\"p1\">Con Solo Houses, Albarr\u00e1n Bourdais ha establecido un destino de arquitectura y arte estimulante e integrado en un entorno natural espectacular. Adem\u00e1s del recorrido exterior de esculturas, el proyecto de Solo Houses comprende casas de alquiler vacacional vanguardistas, dise\u00f1adas por destacados arquitectos, y la bodega Venta d&#8217;Aubert.<\/p>\n<\/div>\n<\/div>\n<\/div>\n<p>&nbsp;<\/p>\n<p><img loading=\"lazy\" decoding=\"async\" class=\"alignnone wp-image-5486 size-full\" src=\"https:\/\/albarran-bourdais.com\/wp-content\/uploads\/2023\/10\/Screenshot-2023-10-06-at-12.02.38.png\" alt=\"\" width=\"1088\" height=\"1640\" srcset=\"https:\/\/albarran-bourdais.com\/wp-content\/uploads\/2023\/10\/Screenshot-2023-10-06-at-12.02.38.png 1088w, https:\/\/albarran-bourdais.com\/wp-content\/uploads\/2023\/10\/Screenshot-2023-10-06-at-12.02.38-199x300.png 199w, https:\/\/albarran-bourdais.com\/wp-content\/uploads\/2023\/10\/Screenshot-2023-10-06-at-12.02.38-679x1024.png 679w, https:\/\/albarran-bourdais.com\/wp-content\/uploads\/2023\/10\/Screenshot-2023-10-06-at-12.02.38-768x1158.png 768w, https:\/\/albarran-bourdais.com\/wp-content\/uploads\/2023\/10\/Screenshot-2023-10-06-at-12.02.38-1019x1536.png 1019w, https:\/\/albarran-bourdais.com\/wp-content\/uploads\/2023\/10\/Screenshot-2023-10-06-at-12.02.38-1024x1544.png 1024w, https:\/\/albarran-bourdais.com\/wp-content\/uploads\/2023\/10\/Screenshot-2023-10-06-at-12.02.38-300x452.png 300w\" sizes=\"auto, (max-width: 1088px) 100vw, 1088px\" \/><\/p>\n","protected":false},"excerpt":{"rendered":"<p>Albarr\u00e1n Bourdais es una galer\u00eda de arte que representa a una veintena de artistas contempor\u00e1neos de renombre y que organiza&#8230;<\/p>\n","protected":false},"author":3,"featured_media":673,"parent":0,"menu_order":0,"comment_status":"closed","ping_status":"closed","template":"page-about.php","meta":{"_acf_changed":false,"footnotes":""},"tags":[],"class_list":["post-208","page","type-page","status-publish","has-post-thumbnail","hentry"],"acf":[],"yoast_head":"<!-- This site is optimized with the Yoast SEO plugin v25.8 - https:\/\/yoast.com\/wordpress\/plugins\/seo\/ -->\n<title>Galer\u00eda - Albarr\u00e1n Bourdais<\/title>\n<meta name=\"robots\" content=\"index, follow, max-snippet:-1, max-image-preview:large, max-video-preview:-1\" \/>\n<link rel=\"canonical\" href=\"https:\/\/albarran-bourdais.com\/about\/\" \/>\n<meta property=\"og:locale\" content=\"es_ES\" \/>\n<meta property=\"og:type\" content=\"article\" \/>\n<meta property=\"og:title\" content=\"Galer\u00eda - Albarr\u00e1n Bourdais\" \/>\n<meta property=\"og:description\" content=\"Albarr\u00e1n Bourdais es una galer\u00eda de arte que representa a una veintena de artistas contempor\u00e1neos de renombre y que organiza...\" \/>\n<meta property=\"og:url\" content=\"https:\/\/albarran-bourdais.com\/about\/\" \/>\n<meta property=\"og:site_name\" content=\"Albarr\u00e1n Bourdais\" \/>\n<meta property=\"article:modified_time\" content=\"2024-12-10T10:56:57+00:00\" \/>\n<meta property=\"og:image\" content=\"https:\/\/albarran-bourdais.com\/wp-content\/uploads\/2019\/03\/galeria-solo-eva-albarra-christian-bourdais-0.jpg\" \/>\n\t<meta property=\"og:image:width\" content=\"300\" \/>\n\t<meta property=\"og:image:height\" content=\"400\" \/>\n\t<meta property=\"og:image:type\" content=\"image\/jpeg\" \/>\n<meta name=\"twitter:card\" content=\"summary_large_image\" \/>\n<meta name=\"twitter:label1\" content=\"Tiempo de lectura\" \/>\n\t<meta name=\"twitter:data1\" content=\"2 minutos\" \/>\n<script type=\"application\/ld+json\" class=\"yoast-schema-graph\">{\"@context\":\"https:\/\/schema.org\",\"@graph\":[{\"@type\":\"WebPage\",\"@id\":\"https:\/\/albarran-bourdais.com\/about\/\",\"url\":\"https:\/\/albarran-bourdais.com\/about\/\",\"name\":\"Galer\u00eda - Albarr\u00e1n Bourdais\",\"isPartOf\":{\"@id\":\"https:\/\/albarran-bourdais.com\/#website\"},\"primaryImageOfPage\":{\"@id\":\"https:\/\/albarran-bourdais.com\/about\/#primaryimage\"},\"image\":{\"@id\":\"https:\/\/albarran-bourdais.com\/about\/#primaryimage\"},\"thumbnailUrl\":\"https:\/\/albarran-bourdais.com\/wp-content\/uploads\/2019\/03\/galeria-solo-eva-albarra-christian-bourdais-0.jpg\",\"datePublished\":\"2019-01-08T16:39:19+00:00\",\"dateModified\":\"2024-12-10T10:56:57+00:00\",\"breadcrumb\":{\"@id\":\"https:\/\/albarran-bourdais.com\/about\/#breadcrumb\"},\"inLanguage\":\"es\",\"potentialAction\":[{\"@type\":\"ReadAction\",\"target\":[\"https:\/\/albarran-bourdais.com\/about\/\"]}]},{\"@type\":\"ImageObject\",\"inLanguage\":\"es\",\"@id\":\"https:\/\/albarran-bourdais.com\/about\/#primaryimage\",\"url\":\"https:\/\/albarran-bourdais.com\/wp-content\/uploads\/2019\/03\/galeria-solo-eva-albarra-christian-bourdais-0.jpg\",\"contentUrl\":\"https:\/\/albarran-bourdais.com\/wp-content\/uploads\/2019\/03\/galeria-solo-eva-albarra-christian-bourdais-0.jpg\",\"width\":300,\"height\":400},{\"@type\":\"BreadcrumbList\",\"@id\":\"https:\/\/albarran-bourdais.com\/about\/#breadcrumb\",\"itemListElement\":[{\"@type\":\"ListItem\",\"position\":1,\"name\":\"Accueil\",\"item\":\"https:\/\/albarran-bourdais.com\/es\/\"},{\"@type\":\"ListItem\",\"position\":2,\"name\":\"Galer\u00eda\"}]},{\"@type\":\"WebSite\",\"@id\":\"https:\/\/albarran-bourdais.com\/#website\",\"url\":\"https:\/\/albarran-bourdais.com\/\",\"name\":\"Albarr\u00e1n Bourdais\",\"description\":\"Art Gallery\",\"potentialAction\":[{\"@type\":\"SearchAction\",\"target\":{\"@type\":\"EntryPoint\",\"urlTemplate\":\"https:\/\/albarran-bourdais.com\/?s={search_term_string}\"},\"query-input\":{\"@type\":\"PropertyValueSpecification\",\"valueRequired\":true,\"valueName\":\"search_term_string\"}}],\"inLanguage\":\"es\"}]}<\/script>\n<!-- \/ Yoast SEO plugin. -->","yoast_head_json":{"title":"Galer\u00eda - Albarr\u00e1n Bourdais","robots":{"index":"index","follow":"follow","max-snippet":"max-snippet:-1","max-image-preview":"max-image-preview:large","max-video-preview":"max-video-preview:-1"},"canonical":"https:\/\/albarran-bourdais.com\/about\/","og_locale":"es_ES","og_type":"article","og_title":"Galer\u00eda - Albarr\u00e1n Bourdais","og_description":"Albarr\u00e1n Bourdais es una galer\u00eda de arte que representa a una veintena de artistas contempor\u00e1neos de renombre y que organiza...","og_url":"https:\/\/albarran-bourdais.com\/about\/","og_site_name":"Albarr\u00e1n Bourdais","article_modified_time":"2024-12-10T10:56:57+00:00","og_image":[{"width":300,"height":400,"url":"https:\/\/albarran-bourdais.com\/wp-content\/uploads\/2019\/03\/galeria-solo-eva-albarra-christian-bourdais-0.jpg","type":"image\/jpeg"}],"twitter_card":"summary_large_image","twitter_misc":{"Tiempo de lectura":"2 minutos"},"schema":{"@context":"https:\/\/schema.org","@graph":[{"@type":"WebPage","@id":"https:\/\/albarran-bourdais.com\/about\/","url":"https:\/\/albarran-bourdais.com\/about\/","name":"Galer\u00eda - Albarr\u00e1n Bourdais","isPartOf":{"@id":"https:\/\/albarran-bourdais.com\/#website"},"primaryImageOfPage":{"@id":"https:\/\/albarran-bourdais.com\/about\/#primaryimage"},"image":{"@id":"https:\/\/albarran-bourdais.com\/about\/#primaryimage"},"thumbnailUrl":"https:\/\/albarran-bourdais.com\/wp-content\/uploads\/2019\/03\/galeria-solo-eva-albarra-christian-bourdais-0.jpg","datePublished":"2019-01-08T16:39:19+00:00","dateModified":"2024-12-10T10:56:57+00:00","breadcrumb":{"@id":"https:\/\/albarran-bourdais.com\/about\/#breadcrumb"},"inLanguage":"es","potentialAction":[{"@type":"ReadAction","target":["https:\/\/albarran-bourdais.com\/about\/"]}]},{"@type":"ImageObject","inLanguage":"es","@id":"https:\/\/albarran-bourdais.com\/about\/#primaryimage","url":"https:\/\/albarran-bourdais.com\/wp-content\/uploads\/2019\/03\/galeria-solo-eva-albarra-christian-bourdais-0.jpg","contentUrl":"https:\/\/albarran-bourdais.com\/wp-content\/uploads\/2019\/03\/galeria-solo-eva-albarra-christian-bourdais-0.jpg","width":300,"height":400},{"@type":"BreadcrumbList","@id":"https:\/\/albarran-bourdais.com\/about\/#breadcrumb","itemListElement":[{"@type":"ListItem","position":1,"name":"Accueil","item":"https:\/\/albarran-bourdais.com\/es\/"},{"@type":"ListItem","position":2,"name":"Galer\u00eda"}]},{"@type":"WebSite","@id":"https:\/\/albarran-bourdais.com\/#website","url":"https:\/\/albarran-bourdais.com\/","name":"Albarr\u00e1n Bourdais","description":"Art Gallery","potentialAction":[{"@type":"SearchAction","target":{"@type":"EntryPoint","urlTemplate":"https:\/\/albarran-bourdais.com\/?s={search_term_string}"},"query-input":{"@type":"PropertyValueSpecification","valueRequired":true,"valueName":"search_term_string"}}],"inLanguage":"es"}]}},"_links":{"self":[{"href":"https:\/\/albarran-bourdais.com\/es\/wp-json\/wp\/v2\/pages\/208","targetHints":{"allow":["GET"]}}],"collection":[{"href":"https:\/\/albarran-bourdais.com\/es\/wp-json\/wp\/v2\/pages"}],"about":[{"href":"https:\/\/albarran-bourdais.com\/es\/wp-json\/wp\/v2\/types\/page"}],"author":[{"embeddable":true,"href":"https:\/\/albarran-bourdais.com\/es\/wp-json\/wp\/v2\/users\/3"}],"replies":[{"embeddable":true,"href":"https:\/\/albarran-bourdais.com\/es\/wp-json\/wp\/v2\/comments?post=208"}],"version-history":[{"count":19,"href":"https:\/\/albarran-bourdais.com\/es\/wp-json\/wp\/v2\/pages\/208\/revisions"}],"predecessor-version":[{"id":6396,"href":"https:\/\/albarran-bourdais.com\/es\/wp-json\/wp\/v2\/pages\/208\/revisions\/6396"}],"wp:featuredmedia":[{"embeddable":true,"href":"https:\/\/albarran-bourdais.com\/es\/wp-json\/wp\/v2\/media\/673"}],"wp:attachment":[{"href":"https:\/\/albarran-bourdais.com\/es\/wp-json\/wp\/v2\/media?parent=208"}],"wp:term":[{"taxonomy":"post_tag","embeddable":true,"href":"https:\/\/albarran-bourdais.com\/es\/wp-json\/wp\/v2\/tags?post=208"}],"curies":[{"name":"wp","href":"https:\/\/api.w.org\/{rel}","templated":true}]}}