{"id":206,"date":"2019-01-08T16:10:57","date_gmt":"2019-01-08T15:10:57","guid":{"rendered":"http:\/\/galeria-solo.com\/es\/home\/"},"modified":"2026-04-08T14:04:08","modified_gmt":"2026-04-08T12:04:08","slug":"home","status":"publish","type":"page","link":"https:\/\/albarran-bourdais.com\/es\/","title":{"rendered":"Home"},"content":{"rendered":"","protected":false},"excerpt":{"rendered":"","protected":false},"author":3,"featured_media":0,"parent":0,"menu_order":0,"comment_status":"closed","ping_status":"open","template":"","meta":{"_acf_changed":false,"footnotes":""},"tags":[],"class_list":["post-206","page","type-page","status-publish","hentry"],"acf":[],"yoast_head":"<!-- This site is optimized with the Yoast SEO plugin v25.8 - https:\/\/yoast.com\/wordpress\/plugins\/seo\/ -->\n<title>Albarr\u00e1n Bourdais<\/title>\n<meta name=\"description\" content=\"Albarr\u00e1n Bourdais es una galer\u00eda de arte contempor\u00e1neo con sedes en Madrid y Menorca, que representa a m\u00e1s de 20 artistas y produce exposiciones inmersivas m\u00e1s all\u00e1 del cubo blanco. Carlos Amorales, Iv\u00e1n Argote, Marco A. Castillo, Christian Boltanski, Claudia Comte, Pedro Cabrita Reis, Jordi Colomer, Jos\u00e9 D\u00e1vila, Dominique Gonzalez-Foerster, Koo Jeong A, Bertrand Lavier, Cristina Lucas, Angelika Markul, Olivier Mosset, Fernando S\u00e1nchez Castillo, Morgane Tschiember, Felice Varini, H\u00e9ctor Zamora, Adrien Vescovi, Alberto Garc\u00eda-Alix y Annette Messager.\" \/>\n<meta name=\"robots\" content=\"index, follow, max-snippet:-1, max-image-preview:large, max-video-preview:-1\" \/>\n<link rel=\"canonical\" href=\"https:\/\/albarran-bourdais.com\/es\/\" \/>\n<meta property=\"og:locale\" content=\"es_ES\" \/>\n<meta property=\"og:type\" content=\"article\" \/>\n<meta property=\"og:title\" content=\"Albarr\u00e1n Bourdais\" \/>\n<meta property=\"og:description\" content=\"Albarr\u00e1n Bourdais es una galer\u00eda de arte contempor\u00e1neo con sedes en Madrid y Menorca, que representa a m\u00e1s de 20 artistas y produce exposiciones inmersivas m\u00e1s all\u00e1 del cubo blanco. Carlos Amorales, Iv\u00e1n Argote, Marco A. Castillo, Christian Boltanski, Claudia Comte, Pedro Cabrita Reis, Jordi Colomer, Jos\u00e9 D\u00e1vila, Dominique Gonzalez-Foerster, Koo Jeong A, Bertrand Lavier, Cristina Lucas, Angelika Markul, Olivier Mosset, Fernando S\u00e1nchez Castillo, Morgane Tschiember, Felice Varini, H\u00e9ctor Zamora, Adrien Vescovi, Alberto Garc\u00eda-Alix y Annette Messager.\" \/>\n<meta property=\"og:url\" content=\"https:\/\/albarran-bourdais.com\/es\/\" \/>\n<meta property=\"og:site_name\" content=\"Albarr\u00e1n Bourdais\" \/>\n<meta property=\"article:modified_time\" content=\"2026-04-08T12:04:08+00:00\" \/>\n<meta name=\"twitter:card\" content=\"summary_large_image\" \/>\n<script type=\"application\/ld+json\" class=\"yoast-schema-graph\">{\"@context\":\"https:\/\/schema.org\",\"@graph\":[{\"@type\":\"WebPage\",\"@id\":\"https:\/\/albarran-bourdais.com\/es\/\",\"url\":\"https:\/\/albarran-bourdais.com\/es\/\",\"name\":\"Albarr\u00e1n Bourdais\",\"isPartOf\":{\"@id\":\"https:\/\/albarran-bourdais.com\/#website\"},\"datePublished\":\"2019-01-08T15:10:57+00:00\",\"dateModified\":\"2026-04-08T12:04:08+00:00\",\"description\":\"Albarr\u00e1n Bourdais es una galer\u00eda de arte contempor\u00e1neo con sedes en Madrid y Menorca, que representa a m\u00e1s de 20 artistas y produce exposiciones inmersivas m\u00e1s all\u00e1 del cubo blanco. Carlos Amorales, Iv\u00e1n Argote, Marco A. Castillo, Christian Boltanski, Claudia Comte, Pedro Cabrita Reis, Jordi Colomer, Jos\u00e9 D\u00e1vila, Dominique Gonzalez-Foerster, Koo Jeong A, Bertrand Lavier, Cristina Lucas, Angelika Markul, Olivier Mosset, Fernando S\u00e1nchez Castillo, Morgane Tschiember, Felice Varini, H\u00e9ctor Zamora, Adrien Vescovi, Alberto Garc\u00eda-Alix y Annette Messager.\",\"breadcrumb\":{\"@id\":\"https:\/\/albarran-bourdais.com\/es\/#breadcrumb\"},\"inLanguage\":\"es\",\"potentialAction\":[{\"@type\":\"ReadAction\",\"target\":[\"https:\/\/albarran-bourdais.com\/es\/\"]}]},{\"@type\":\"BreadcrumbList\",\"@id\":\"https:\/\/albarran-bourdais.com\/es\/#breadcrumb\",\"itemListElement\":[{\"@type\":\"ListItem\",\"position\":1,\"name\":\"Accueil\",\"item\":\"https:\/\/albarran-bourdais.com\/es\/\"},{\"@type\":\"ListItem\",\"position\":2,\"name\":\"Home\"}]},{\"@type\":\"WebSite\",\"@id\":\"https:\/\/albarran-bourdais.com\/#website\",\"url\":\"https:\/\/albarran-bourdais.com\/\",\"name\":\"Albarr\u00e1n Bourdais\",\"description\":\"Art Gallery\",\"potentialAction\":[{\"@type\":\"SearchAction\",\"target\":{\"@type\":\"EntryPoint\",\"urlTemplate\":\"https:\/\/albarran-bourdais.com\/?s={search_term_string}\"},\"query-input\":{\"@type\":\"PropertyValueSpecification\",\"valueRequired\":true,\"valueName\":\"search_term_string\"}}],\"inLanguage\":\"es\"}]}<\/script>\n<!-- \/ Yoast SEO plugin. -->","yoast_head_json":{"title":"Albarr\u00e1n Bourdais","description":"Albarr\u00e1n Bourdais es una galer\u00eda de arte contempor\u00e1neo con sedes en Madrid y Menorca, que representa a m\u00e1s de 20 artistas y produce exposiciones inmersivas m\u00e1s all\u00e1 del cubo blanco. Carlos Amorales, Iv\u00e1n Argote, Marco A. Castillo, Christian Boltanski, Claudia Comte, Pedro Cabrita Reis, Jordi Colomer, Jos\u00e9 D\u00e1vila, Dominique Gonzalez-Foerster, Koo Jeong A, Bertrand Lavier, Cristina Lucas, Angelika Markul, Olivier Mosset, Fernando S\u00e1nchez Castillo, Morgane Tschiember, Felice Varini, H\u00e9ctor Zamora, Adrien Vescovi, Alberto Garc\u00eda-Alix y Annette Messager.","robots":{"index":"index","follow":"follow","max-snippet":"max-snippet:-1","max-image-preview":"max-image-preview:large","max-video-preview":"max-video-preview:-1"},"canonical":"https:\/\/albarran-bourdais.com\/es\/","og_locale":"es_ES","og_type":"article","og_title":"Albarr\u00e1n Bourdais","og_description":"Albarr\u00e1n Bourdais es una galer\u00eda de arte contempor\u00e1neo con sedes en Madrid y Menorca, que representa a m\u00e1s de 20 artistas y produce exposiciones inmersivas m\u00e1s all\u00e1 del cubo blanco. Carlos Amorales, Iv\u00e1n Argote, Marco A. Castillo, Christian Boltanski, Claudia Comte, Pedro Cabrita Reis, Jordi Colomer, Jos\u00e9 D\u00e1vila, Dominique Gonzalez-Foerster, Koo Jeong A, Bertrand Lavier, Cristina Lucas, Angelika Markul, Olivier Mosset, Fernando S\u00e1nchez Castillo, Morgane Tschiember, Felice Varini, H\u00e9ctor Zamora, Adrien Vescovi, Alberto Garc\u00eda-Alix y Annette Messager.","og_url":"https:\/\/albarran-bourdais.com\/es\/","og_site_name":"Albarr\u00e1n Bourdais","article_modified_time":"2026-04-08T12:04:08+00:00","twitter_card":"summary_large_image","schema":{"@context":"https:\/\/schema.org","@graph":[{"@type":"WebPage","@id":"https:\/\/albarran-bourdais.com\/es\/","url":"https:\/\/albarran-bourdais.com\/es\/","name":"Albarr\u00e1n Bourdais","isPartOf":{"@id":"https:\/\/albarran-bourdais.com\/#website"},"datePublished":"2019-01-08T15:10:57+00:00","dateModified":"2026-04-08T12:04:08+00:00","description":"Albarr\u00e1n Bourdais es una galer\u00eda de arte contempor\u00e1neo con sedes en Madrid y Menorca, que representa a m\u00e1s de 20 artistas y produce exposiciones inmersivas m\u00e1s all\u00e1 del cubo blanco. Carlos Amorales, Iv\u00e1n Argote, Marco A. Castillo, Christian Boltanski, Claudia Comte, Pedro Cabrita Reis, Jordi Colomer, Jos\u00e9 D\u00e1vila, Dominique Gonzalez-Foerster, Koo Jeong A, Bertrand Lavier, Cristina Lucas, Angelika Markul, Olivier Mosset, Fernando S\u00e1nchez Castillo, Morgane Tschiember, Felice Varini, H\u00e9ctor Zamora, Adrien Vescovi, Alberto Garc\u00eda-Alix y Annette Messager.","breadcrumb":{"@id":"https:\/\/albarran-bourdais.com\/es\/#breadcrumb"},"inLanguage":"es","potentialAction":[{"@type":"ReadAction","target":["https:\/\/albarran-bourdais.com\/es\/"]}]},{"@type":"BreadcrumbList","@id":"https:\/\/albarran-bourdais.com\/es\/#breadcrumb","itemListElement":[{"@type":"ListItem","position":1,"name":"Accueil","item":"https:\/\/albarran-bourdais.com\/es\/"},{"@type":"ListItem","position":2,"name":"Home"}]},{"@type":"WebSite","@id":"https:\/\/albarran-bourdais.com\/#website","url":"https:\/\/albarran-bourdais.com\/","name":"Albarr\u00e1n Bourdais","description":"Art Gallery","potentialAction":[{"@type":"SearchAction","target":{"@type":"EntryPoint","urlTemplate":"https:\/\/albarran-bourdais.com\/?s={search_term_string}"},"query-input":{"@type":"PropertyValueSpecification","valueRequired":true,"valueName":"search_term_string"}}],"inLanguage":"es"}]}},"_links":{"self":[{"href":"https:\/\/albarran-bourdais.com\/es\/wp-json\/wp\/v2\/pages\/206","targetHints":{"allow":["GET"]}}],"collection":[{"href":"https:\/\/albarran-bourdais.com\/es\/wp-json\/wp\/v2\/pages"}],"about":[{"href":"https:\/\/albarran-bourdais.com\/es\/wp-json\/wp\/v2\/types\/page"}],"author":[{"embeddable":true,"href":"https:\/\/albarran-bourdais.com\/es\/wp-json\/wp\/v2\/users\/3"}],"replies":[{"embeddable":true,"href":"https:\/\/albarran-bourdais.com\/es\/wp-json\/wp\/v2\/comments?post=206"}],"version-history":[{"count":188,"href":"https:\/\/albarran-bourdais.com\/es\/wp-json\/wp\/v2\/pages\/206\/revisions"}],"predecessor-version":[{"id":8131,"href":"https:\/\/albarran-bourdais.com\/es\/wp-json\/wp\/v2\/pages\/206\/revisions\/8131"}],"wp:attachment":[{"href":"https:\/\/albarran-bourdais.com\/es\/wp-json\/wp\/v2\/media?parent=206"}],"wp:term":[{"taxonomy":"post_tag","embeddable":true,"href":"https:\/\/albarran-bourdais.com\/es\/wp-json\/wp\/v2\/tags?post=206"}],"curies":[{"name":"wp","href":"https:\/\/api.w.org\/{rel}","templated":true}]}}